{"id":1191,"date":"2022-07-11T15:25:17","date_gmt":"2022-07-11T13:25:17","guid":{"rendered":"https:\/\/www.coopstern.it\/certificazioni\/"},"modified":"2025-05-29T16:22:27","modified_gmt":"2025-05-29T14:22:27","slug":"zertifizierungen","status":"publish","type":"page","link":"https:\/\/www.coopstern.it\/de\/zertifizierungen\/","title":{"rendered":"ZERTIFIZIERUNGEN"},"content":{"rendered":"\n<h2 class=\"lg:text-6xl text-3xl font-bold text-arancio italic text-center pb-4 uppercase\"> SICHERHEIT UND QUALIT\u00c4T <\/h2>\n\n\n\n<p class=\"has-text-align-center\"><strong>Die Genossenschaft STERN ist seit 2003 mit Beschluss d<\/strong>er Region Latium Nr. C1993 als Erzeugerorganisation anerkannt, gem\u00e4\u00df Verordnung (EU) 2115\/21; damit verpflichtet sie sich zum Schutz des Territoriums durch nachhaltige Anbaumethoden. F\u00fcr die R\u00fcckverfolgbarkeit der Produkte ist es unverzichtbar, die technischen und digitalen Fortschritte aufmerksam zu beobachten. Durch das bis ins Detail ausgearbeitete R\u00fcckverfolgungssystem erh\u00e4lt der Endverbraucher s\u00e4mtliche Informationen \u00fcber <strong>Typologie, Sorte, Produktionsort und Herkunft des Gem\u00fcses.<\/strong><\/p>\n","protected":false},"excerpt":{"rendered":"<p>SICHERHEIT UND QUALIT\u00c4T Die Genossenschaft STERN ist seit 2003 mit Beschluss der Region Latium Nr. C1993 als Erzeugerorganisation anerkannt, gem\u00e4\u00df Verordnung (EU) 2115\/21; damit verpflichtet sie sich zum Schutz des Territoriums durch nachhaltige Anbaumethoden. F\u00fcr die R\u00fcckverfolgbarkeit der Produkte ist es unverzichtbar, die technischen und digitalen Fortschritte aufmerksam zu beobachten. Durch das bis ins Detail\u2026<\/p>\n","protected":false},"author":1,"featured_media":1102,"parent":0,"menu_order":15,"comment_status":"closed","ping_status":"closed","template":"tpl-certificazioni.php","meta":{"_acf_changed":false,"footnotes":""},"class_list":["post-1191","page","type-page","status-publish","has-post-thumbnail","hentry"],"acf":[],"yoast_head":"<!-- This site is optimized with the Yoast SEO plugin v27.3 - https:\/\/yoast.com\/product\/yoast-seo-wordpress\/ -->\n<title>ZERTIFIZIERUNGEN - Stern organizzazione di produttori<\/title>\n<meta name=\"robots\" content=\"index, follow, max-snippet:-1, max-image-preview:large, max-video-preview:-1\" \/>\n<link rel=\"canonical\" href=\"https:\/\/www.coopstern.it\/de\/zertifizierungen\/\" \/>\n<meta property=\"og:locale\" content=\"de_DE\" \/>\n<meta property=\"og:type\" content=\"article\" \/>\n<meta property=\"og:title\" content=\"ZERTIFIZIERUNGEN - Stern organizzazione di produttori\" \/>\n<meta property=\"og:description\" content=\"SICHERHEIT UND QUALIT\u00c4T Die Genossenschaft STERN ist seit 2003 mit Beschluss der Region Latium Nr. C1993 als Erzeugerorganisation anerkannt, gem\u00e4\u00df Verordnung (EU) 2115\/21; damit verpflichtet sie sich zum Schutz des Territoriums durch nachhaltige Anbaumethoden. F\u00fcr die R\u00fcckverfolgbarkeit der Produkte ist es unverzichtbar, die technischen und digitalen Fortschritte aufmerksam zu beobachten. Durch das bis ins Detail\u2026\" \/>\n<meta property=\"og:url\" content=\"https:\/\/www.coopstern.it\/de\/zertifizierungen\/\" \/>\n<meta property=\"og:site_name\" content=\"Stern organizzazione di produttori - Produzione e commercializzazione prodotti ortofrutticoli\" \/>\n<meta property=\"article:modified_time\" content=\"2025-05-29T14:22:27+00:00\" \/>\n<meta property=\"og:image\" content=\"http:\/\/www.coopstern.it\/wp-content\/uploads\/2022\/07\/immricerca-1024x414.jpg\" \/>\n\t<meta property=\"og:image:width\" content=\"1024\" \/>\n\t<meta property=\"og:image:height\" content=\"414\" \/>\n\t<meta property=\"og:image:type\" content=\"image\/jpeg\" \/>\n<meta name=\"twitter:card\" content=\"summary_large_image\" \/>\n<meta name=\"twitter:label1\" content=\"Gesch\u00e4tzte Lesezeit\" \/>\n\t<meta name=\"twitter:data1\" content=\"1\u00a0Minute\" \/>\n<script type=\"application\/ld+json\" class=\"yoast-schema-graph\">{\"@context\":\"https:\\\/\\\/schema.org\",\"@graph\":[{\"@type\":\"WebPage\",\"@id\":\"https:\\\/\\\/www.coopstern.it\\\/de\\\/zertifizierungen\\\/\",\"url\":\"https:\\\/\\\/www.coopstern.it\\\/de\\\/zertifizierungen\\\/\",\"name\":\"ZERTIFIZIERUNGEN - Stern organizzazione di produttori\",\"isPartOf\":{\"@id\":\"https:\\\/\\\/www.coopstern.it\\\/de\\\/#website\"},\"primaryImageOfPage\":{\"@id\":\"https:\\\/\\\/www.coopstern.it\\\/de\\\/zertifizierungen\\\/#primaryimage\"},\"image\":{\"@id\":\"https:\\\/\\\/www.coopstern.it\\\/de\\\/zertifizierungen\\\/#primaryimage\"},\"thumbnailUrl\":\"https:\\\/\\\/www.coopstern.it\\\/wp-content\\\/uploads\\\/2022\\\/07\\\/immricerca.jpg\",\"datePublished\":\"2022-07-11T13:25:17+00:00\",\"dateModified\":\"2025-05-29T14:22:27+00:00\",\"breadcrumb\":{\"@id\":\"https:\\\/\\\/www.coopstern.it\\\/de\\\/zertifizierungen\\\/#breadcrumb\"},\"inLanguage\":\"de\",\"potentialAction\":[{\"@type\":\"ReadAction\",\"target\":[\"https:\\\/\\\/www.coopstern.it\\\/de\\\/zertifizierungen\\\/\"]}]},{\"@type\":\"ImageObject\",\"inLanguage\":\"de\",\"@id\":\"https:\\\/\\\/www.coopstern.it\\\/de\\\/zertifizierungen\\\/#primaryimage\",\"url\":\"https:\\\/\\\/www.coopstern.it\\\/wp-content\\\/uploads\\\/2022\\\/07\\\/immricerca.jpg\",\"contentUrl\":\"https:\\\/\\\/www.coopstern.it\\\/wp-content\\\/uploads\\\/2022\\\/07\\\/immricerca.jpg\",\"width\":2560,\"height\":1036},{\"@type\":\"BreadcrumbList\",\"@id\":\"https:\\\/\\\/www.coopstern.it\\\/de\\\/zertifizierungen\\\/#breadcrumb\",\"itemListElement\":[{\"@type\":\"ListItem\",\"position\":1,\"name\":\"Home\",\"item\":\"https:\\\/\\\/www.coopstern.it\\\/de\\\/\"},{\"@type\":\"ListItem\",\"position\":2,\"name\":\"ZERTIFIZIERUNGEN\"}]},{\"@type\":\"WebSite\",\"@id\":\"https:\\\/\\\/www.coopstern.it\\\/de\\\/#website\",\"url\":\"https:\\\/\\\/www.coopstern.it\\\/de\\\/\",\"name\":\"Stern organizzazione di produttori - Produzione e commercializzazione prodotti ortofrutticoli\",\"description\":\"\",\"potentialAction\":[{\"@type\":\"SearchAction\",\"target\":{\"@type\":\"EntryPoint\",\"urlTemplate\":\"https:\\\/\\\/www.coopstern.it\\\/de\\\/?s={search_term_string}\"},\"query-input\":{\"@type\":\"PropertyValueSpecification\",\"valueRequired\":true,\"valueName\":\"search_term_string\"}}],\"inLanguage\":\"de\"}]}<\/script>\n<!-- \/ Yoast SEO plugin. -->","yoast_head_json":{"title":"ZERTIFIZIERUNGEN - Stern organizzazione di produttori","robots":{"index":"index","follow":"follow","max-snippet":"max-snippet:-1","max-image-preview":"max-image-preview:large","max-video-preview":"max-video-preview:-1"},"canonical":"https:\/\/www.coopstern.it\/de\/zertifizierungen\/","og_locale":"de_DE","og_type":"article","og_title":"ZERTIFIZIERUNGEN - Stern organizzazione di produttori","og_description":"SICHERHEIT UND QUALIT\u00c4T Die Genossenschaft STERN ist seit 2003 mit Beschluss der Region Latium Nr. C1993 als Erzeugerorganisation anerkannt, gem\u00e4\u00df Verordnung (EU) 2115\/21; damit verpflichtet sie sich zum Schutz des Territoriums durch nachhaltige Anbaumethoden. F\u00fcr die R\u00fcckverfolgbarkeit der Produkte ist es unverzichtbar, die technischen und digitalen Fortschritte aufmerksam zu beobachten. Durch das bis ins Detail\u2026","og_url":"https:\/\/www.coopstern.it\/de\/zertifizierungen\/","og_site_name":"Stern organizzazione di produttori - Produzione e commercializzazione prodotti ortofrutticoli","article_modified_time":"2025-05-29T14:22:27+00:00","og_image":[{"width":1024,"height":414,"url":"http:\/\/www.coopstern.it\/wp-content\/uploads\/2022\/07\/immricerca-1024x414.jpg","type":"image\/jpeg"}],"twitter_card":"summary_large_image","twitter_misc":{"Gesch\u00e4tzte Lesezeit":"1\u00a0Minute"},"schema":{"@context":"https:\/\/schema.org","@graph":[{"@type":"WebPage","@id":"https:\/\/www.coopstern.it\/de\/zertifizierungen\/","url":"https:\/\/www.coopstern.it\/de\/zertifizierungen\/","name":"ZERTIFIZIERUNGEN - Stern organizzazione di produttori","isPartOf":{"@id":"https:\/\/www.coopstern.it\/de\/#website"},"primaryImageOfPage":{"@id":"https:\/\/www.coopstern.it\/de\/zertifizierungen\/#primaryimage"},"image":{"@id":"https:\/\/www.coopstern.it\/de\/zertifizierungen\/#primaryimage"},"thumbnailUrl":"https:\/\/www.coopstern.it\/wp-content\/uploads\/2022\/07\/immricerca.jpg","datePublished":"2022-07-11T13:25:17+00:00","dateModified":"2025-05-29T14:22:27+00:00","breadcrumb":{"@id":"https:\/\/www.coopstern.it\/de\/zertifizierungen\/#breadcrumb"},"inLanguage":"de","potentialAction":[{"@type":"ReadAction","target":["https:\/\/www.coopstern.it\/de\/zertifizierungen\/"]}]},{"@type":"ImageObject","inLanguage":"de","@id":"https:\/\/www.coopstern.it\/de\/zertifizierungen\/#primaryimage","url":"https:\/\/www.coopstern.it\/wp-content\/uploads\/2022\/07\/immricerca.jpg","contentUrl":"https:\/\/www.coopstern.it\/wp-content\/uploads\/2022\/07\/immricerca.jpg","width":2560,"height":1036},{"@type":"BreadcrumbList","@id":"https:\/\/www.coopstern.it\/de\/zertifizierungen\/#breadcrumb","itemListElement":[{"@type":"ListItem","position":1,"name":"Home","item":"https:\/\/www.coopstern.it\/de\/"},{"@type":"ListItem","position":2,"name":"ZERTIFIZIERUNGEN"}]},{"@type":"WebSite","@id":"https:\/\/www.coopstern.it\/de\/#website","url":"https:\/\/www.coopstern.it\/de\/","name":"Stern organizzazione di produttori - Produzione e commercializzazione prodotti ortofrutticoli","description":"","potentialAction":[{"@type":"SearchAction","target":{"@type":"EntryPoint","urlTemplate":"https:\/\/www.coopstern.it\/de\/?s={search_term_string}"},"query-input":{"@type":"PropertyValueSpecification","valueRequired":true,"valueName":"search_term_string"}}],"inLanguage":"de"}]}},"_links":{"self":[{"href":"https:\/\/www.coopstern.it\/de\/wp-json\/wp\/v2\/pages\/1191","targetHints":{"allow":["GET"]}}],"collection":[{"href":"https:\/\/www.coopstern.it\/de\/wp-json\/wp\/v2\/pages"}],"about":[{"href":"https:\/\/www.coopstern.it\/de\/wp-json\/wp\/v2\/types\/page"}],"author":[{"embeddable":true,"href":"https:\/\/www.coopstern.it\/de\/wp-json\/wp\/v2\/users\/1"}],"replies":[{"embeddable":true,"href":"https:\/\/www.coopstern.it\/de\/wp-json\/wp\/v2\/comments?post=1191"}],"version-history":[{"count":13,"href":"https:\/\/www.coopstern.it\/de\/wp-json\/wp\/v2\/pages\/1191\/revisions"}],"predecessor-version":[{"id":2208,"href":"https:\/\/www.coopstern.it\/de\/wp-json\/wp\/v2\/pages\/1191\/revisions\/2208"}],"wp:featuredmedia":[{"embeddable":true,"href":"https:\/\/www.coopstern.it\/de\/wp-json\/wp\/v2\/media\/1102"}],"wp:attachment":[{"href":"https:\/\/www.coopstern.it\/de\/wp-json\/wp\/v2\/media?parent=1191"}],"curies":[{"name":"wp","href":"https:\/\/api.w.org\/{rel}","templated":true}]}}