{"id":1198,"date":"2022-07-11T15:24:35","date_gmt":"2022-07-11T13:24:35","guid":{"rendered":"https:\/\/www.coopstern.it\/ricerca-e-sviluppo\/"},"modified":"2025-05-29T16:17:31","modified_gmt":"2025-05-29T14:17:31","slug":"forschung-und-entwicklung","status":"publish","type":"page","link":"https:\/\/www.coopstern.it\/de\/forschung-und-entwicklung\/","title":{"rendered":"FORSCHUNG UND ENTWICKLUNG"},"content":{"rendered":"\n<p><strong>In die Zukunft zu blicken bedeutet f\u00fcr uns<\/strong>, sie durch bewusste und wirksame Entscheidungen vorwegzunehmen. Denn die Landwirtschaft der Zukunft hat zum Ziel, die Nachhaltigkeit des gesamten Produktionsprozesses zu gew\u00e4hrleisten und die Auswirkungen auf die Umwelt und die Produktivit\u00e4t zu minimieren, um weiterhin sichere Produkte f\u00fcr <strong>den Endverbraucher zu erzeugen.<\/strong><\/p>\n\n\n\n<p><strong>Nichts bleibt dem Zufall<\/strong> \u00fcberlassen, einschlie\u00dflich der Mittel. Wir arbeiten mit Landmaschinen mit 4.0.-Technologien, die noch pr\u00e4ziser und leistungsst\u00e4rker sind. Sie entsprechen der Unternehmensphilosophie, die den Einsatz moderner, synergetischer und vernetzter Systeme vorsieht, f\u00fcr eine effizientere und nachhaltigere Produktion.<\/p>\n","protected":false},"excerpt":{"rendered":"<p>In die Zukunft zu blicken bedeutet f\u00fcr uns, sie durch bewusste und wirksame Entscheidungen vorwegzunehmen. Denn die Landwirtschaft der Zukunft hat zum Ziel, die Nachhaltigkeit des gesamten Produktionsprozesses zu gew\u00e4hrleisten und die Auswirkungen auf die Umwelt und die Produktivit\u00e4t zu minimieren, um weiterhin sichere Produkte f\u00fcr den Endverbraucher zu erzeugen. Nichts bleibt dem Zufall \u00fcberlassen,\u2026<\/p>\n","protected":false},"author":1,"featured_media":1199,"parent":0,"menu_order":18,"comment_status":"closed","ping_status":"closed","template":"tpl-ricercasviluppo.php","meta":{"_acf_changed":false,"footnotes":""},"class_list":["post-1198","page","type-page","status-publish","has-post-thumbnail","hentry"],"acf":[],"yoast_head":"<!-- This site is optimized with the Yoast SEO plugin v27.3 - https:\/\/yoast.com\/product\/yoast-seo-wordpress\/ -->\n<title>FORSCHUNG UND ENTWICKLUNG - Stern organizzazione di produttori<\/title>\n<meta name=\"robots\" content=\"index, follow, max-snippet:-1, max-image-preview:large, max-video-preview:-1\" \/>\n<link rel=\"canonical\" href=\"https:\/\/www.coopstern.it\/de\/forschung-und-entwicklung\/\" \/>\n<meta property=\"og:locale\" content=\"de_DE\" \/>\n<meta property=\"og:type\" content=\"article\" \/>\n<meta property=\"og:title\" content=\"FORSCHUNG UND ENTWICKLUNG - Stern organizzazione di produttori\" \/>\n<meta property=\"og:description\" content=\"In die Zukunft zu blicken bedeutet f\u00fcr uns, sie durch bewusste und wirksame Entscheidungen vorwegzunehmen. Denn die Landwirtschaft der Zukunft hat zum Ziel, die Nachhaltigkeit des gesamten Produktionsprozesses zu gew\u00e4hrleisten und die Auswirkungen auf die Umwelt und die Produktivit\u00e4t zu minimieren, um weiterhin sichere Produkte f\u00fcr den Endverbraucher zu erzeugen. Nichts bleibt dem Zufall \u00fcberlassen,\u2026\" \/>\n<meta property=\"og:url\" content=\"https:\/\/www.coopstern.it\/de\/forschung-und-entwicklung\/\" \/>\n<meta property=\"og:site_name\" content=\"Stern organizzazione di produttori - Produzione e commercializzazione prodotti ortofrutticoli\" \/>\n<meta property=\"article:modified_time\" content=\"2025-05-29T14:17:31+00:00\" \/>\n<meta property=\"og:image\" content=\"http:\/\/www.coopstern.it\/wp-content\/uploads\/2022\/08\/Stern-0595-B-scaled.jpg\" \/>\n\t<meta property=\"og:image:width\" content=\"2560\" \/>\n\t<meta property=\"og:image:height\" content=\"931\" \/>\n\t<meta property=\"og:image:type\" content=\"image\/jpeg\" \/>\n<meta name=\"twitter:card\" content=\"summary_large_image\" \/>\n<meta name=\"twitter:label1\" content=\"Gesch\u00e4tzte Lesezeit\" \/>\n\t<meta name=\"twitter:data1\" content=\"1\u00a0Minute\" \/>\n<script type=\"application\/ld+json\" class=\"yoast-schema-graph\">{\"@context\":\"https:\\\/\\\/schema.org\",\"@graph\":[{\"@type\":\"WebPage\",\"@id\":\"https:\\\/\\\/www.coopstern.it\\\/de\\\/forschung-und-entwicklung\\\/\",\"url\":\"https:\\\/\\\/www.coopstern.it\\\/de\\\/forschung-und-entwicklung\\\/\",\"name\":\"FORSCHUNG UND ENTWICKLUNG - Stern organizzazione di produttori\",\"isPartOf\":{\"@id\":\"https:\\\/\\\/www.coopstern.it\\\/de\\\/#website\"},\"primaryImageOfPage\":{\"@id\":\"https:\\\/\\\/www.coopstern.it\\\/de\\\/forschung-und-entwicklung\\\/#primaryimage\"},\"image\":{\"@id\":\"https:\\\/\\\/www.coopstern.it\\\/de\\\/forschung-und-entwicklung\\\/#primaryimage\"},\"thumbnailUrl\":\"https:\\\/\\\/www.coopstern.it\\\/wp-content\\\/uploads\\\/2022\\\/08\\\/Stern-0595-B-scaled.jpg\",\"datePublished\":\"2022-07-11T13:24:35+00:00\",\"dateModified\":\"2025-05-29T14:17:31+00:00\",\"breadcrumb\":{\"@id\":\"https:\\\/\\\/www.coopstern.it\\\/de\\\/forschung-und-entwicklung\\\/#breadcrumb\"},\"inLanguage\":\"de\",\"potentialAction\":[{\"@type\":\"ReadAction\",\"target\":[\"https:\\\/\\\/www.coopstern.it\\\/de\\\/forschung-und-entwicklung\\\/\"]}]},{\"@type\":\"ImageObject\",\"inLanguage\":\"de\",\"@id\":\"https:\\\/\\\/www.coopstern.it\\\/de\\\/forschung-und-entwicklung\\\/#primaryimage\",\"url\":\"https:\\\/\\\/www.coopstern.it\\\/wp-content\\\/uploads\\\/2022\\\/08\\\/Stern-0595-B-scaled.jpg\",\"contentUrl\":\"https:\\\/\\\/www.coopstern.it\\\/wp-content\\\/uploads\\\/2022\\\/08\\\/Stern-0595-B-scaled.jpg\",\"width\":2560,\"height\":931},{\"@type\":\"BreadcrumbList\",\"@id\":\"https:\\\/\\\/www.coopstern.it\\\/de\\\/forschung-und-entwicklung\\\/#breadcrumb\",\"itemListElement\":[{\"@type\":\"ListItem\",\"position\":1,\"name\":\"Home\",\"item\":\"https:\\\/\\\/www.coopstern.it\\\/de\\\/\"},{\"@type\":\"ListItem\",\"position\":2,\"name\":\"FORSCHUNG UND ENTWICKLUNG\"}]},{\"@type\":\"WebSite\",\"@id\":\"https:\\\/\\\/www.coopstern.it\\\/de\\\/#website\",\"url\":\"https:\\\/\\\/www.coopstern.it\\\/de\\\/\",\"name\":\"Stern organizzazione di produttori - Produzione e commercializzazione prodotti ortofrutticoli\",\"description\":\"\",\"potentialAction\":[{\"@type\":\"SearchAction\",\"target\":{\"@type\":\"EntryPoint\",\"urlTemplate\":\"https:\\\/\\\/www.coopstern.it\\\/de\\\/?s={search_term_string}\"},\"query-input\":{\"@type\":\"PropertyValueSpecification\",\"valueRequired\":true,\"valueName\":\"search_term_string\"}}],\"inLanguage\":\"de\"}]}<\/script>\n<!-- \/ Yoast SEO plugin. -->","yoast_head_json":{"title":"FORSCHUNG UND ENTWICKLUNG - Stern organizzazione di produttori","robots":{"index":"index","follow":"follow","max-snippet":"max-snippet:-1","max-image-preview":"max-image-preview:large","max-video-preview":"max-video-preview:-1"},"canonical":"https:\/\/www.coopstern.it\/de\/forschung-und-entwicklung\/","og_locale":"de_DE","og_type":"article","og_title":"FORSCHUNG UND ENTWICKLUNG - Stern organizzazione di produttori","og_description":"In die Zukunft zu blicken bedeutet f\u00fcr uns, sie durch bewusste und wirksame Entscheidungen vorwegzunehmen. Denn die Landwirtschaft der Zukunft hat zum Ziel, die Nachhaltigkeit des gesamten Produktionsprozesses zu gew\u00e4hrleisten und die Auswirkungen auf die Umwelt und die Produktivit\u00e4t zu minimieren, um weiterhin sichere Produkte f\u00fcr den Endverbraucher zu erzeugen. Nichts bleibt dem Zufall \u00fcberlassen,\u2026","og_url":"https:\/\/www.coopstern.it\/de\/forschung-und-entwicklung\/","og_site_name":"Stern organizzazione di produttori - Produzione e commercializzazione prodotti ortofrutticoli","article_modified_time":"2025-05-29T14:17:31+00:00","og_image":[{"width":2560,"height":931,"url":"http:\/\/www.coopstern.it\/wp-content\/uploads\/2022\/08\/Stern-0595-B-scaled.jpg","type":"image\/jpeg"}],"twitter_card":"summary_large_image","twitter_misc":{"Gesch\u00e4tzte Lesezeit":"1\u00a0Minute"},"schema":{"@context":"https:\/\/schema.org","@graph":[{"@type":"WebPage","@id":"https:\/\/www.coopstern.it\/de\/forschung-und-entwicklung\/","url":"https:\/\/www.coopstern.it\/de\/forschung-und-entwicklung\/","name":"FORSCHUNG UND ENTWICKLUNG - Stern organizzazione di produttori","isPartOf":{"@id":"https:\/\/www.coopstern.it\/de\/#website"},"primaryImageOfPage":{"@id":"https:\/\/www.coopstern.it\/de\/forschung-und-entwicklung\/#primaryimage"},"image":{"@id":"https:\/\/www.coopstern.it\/de\/forschung-und-entwicklung\/#primaryimage"},"thumbnailUrl":"https:\/\/www.coopstern.it\/wp-content\/uploads\/2022\/08\/Stern-0595-B-scaled.jpg","datePublished":"2022-07-11T13:24:35+00:00","dateModified":"2025-05-29T14:17:31+00:00","breadcrumb":{"@id":"https:\/\/www.coopstern.it\/de\/forschung-und-entwicklung\/#breadcrumb"},"inLanguage":"de","potentialAction":[{"@type":"ReadAction","target":["https:\/\/www.coopstern.it\/de\/forschung-und-entwicklung\/"]}]},{"@type":"ImageObject","inLanguage":"de","@id":"https:\/\/www.coopstern.it\/de\/forschung-und-entwicklung\/#primaryimage","url":"https:\/\/www.coopstern.it\/wp-content\/uploads\/2022\/08\/Stern-0595-B-scaled.jpg","contentUrl":"https:\/\/www.coopstern.it\/wp-content\/uploads\/2022\/08\/Stern-0595-B-scaled.jpg","width":2560,"height":931},{"@type":"BreadcrumbList","@id":"https:\/\/www.coopstern.it\/de\/forschung-und-entwicklung\/#breadcrumb","itemListElement":[{"@type":"ListItem","position":1,"name":"Home","item":"https:\/\/www.coopstern.it\/de\/"},{"@type":"ListItem","position":2,"name":"FORSCHUNG UND ENTWICKLUNG"}]},{"@type":"WebSite","@id":"https:\/\/www.coopstern.it\/de\/#website","url":"https:\/\/www.coopstern.it\/de\/","name":"Stern organizzazione di produttori - Produzione e commercializzazione prodotti ortofrutticoli","description":"","potentialAction":[{"@type":"SearchAction","target":{"@type":"EntryPoint","urlTemplate":"https:\/\/www.coopstern.it\/de\/?s={search_term_string}"},"query-input":{"@type":"PropertyValueSpecification","valueRequired":true,"valueName":"search_term_string"}}],"inLanguage":"de"}]}},"_links":{"self":[{"href":"https:\/\/www.coopstern.it\/de\/wp-json\/wp\/v2\/pages\/1198","targetHints":{"allow":["GET"]}}],"collection":[{"href":"https:\/\/www.coopstern.it\/de\/wp-json\/wp\/v2\/pages"}],"about":[{"href":"https:\/\/www.coopstern.it\/de\/wp-json\/wp\/v2\/types\/page"}],"author":[{"embeddable":true,"href":"https:\/\/www.coopstern.it\/de\/wp-json\/wp\/v2\/users\/1"}],"replies":[{"embeddable":true,"href":"https:\/\/www.coopstern.it\/de\/wp-json\/wp\/v2\/comments?post=1198"}],"version-history":[{"count":10,"href":"https:\/\/www.coopstern.it\/de\/wp-json\/wp\/v2\/pages\/1198\/revisions"}],"predecessor-version":[{"id":2220,"href":"https:\/\/www.coopstern.it\/de\/wp-json\/wp\/v2\/pages\/1198\/revisions\/2220"}],"wp:featuredmedia":[{"embeddable":true,"href":"https:\/\/www.coopstern.it\/de\/wp-json\/wp\/v2\/media\/1199"}],"wp:attachment":[{"href":"https:\/\/www.coopstern.it\/de\/wp-json\/wp\/v2\/media?parent=1198"}],"curies":[{"name":"wp","href":"https:\/\/api.w.org\/{rel}","templated":true}]}}